{"id":71,"date":"2025-12-02T01:24:40","date_gmt":"2025-12-02T00:24:40","guid":{"rendered":"https:\/\/neuropsy26.fr\/?page_id=71"},"modified":"2025-12-02T02:03:32","modified_gmt":"2025-12-02T01:03:32","slug":"coming-soon-eight","status":"publish","type":"page","link":"https:\/\/neuropsy26.fr\/","title":{"rendered":"Site en construction&#8230;"},"content":{"rendered":"\t\t<div data-elementor-type=\"wp-page\" data-elementor-id=\"71\" class=\"elementor elementor-71\">\n\t\t\t\t\t\t<section class=\"elementor-section elementor-top-section elementor-element elementor-element-59b376f4 elementor-section-full_width elementor-section-height-min-height coming-soon-tem8 elementor-section-height-default elementor-section-items-middle\" data-id=\"59b376f4\" data-element_type=\"section\" data-settings=\"{&quot;background_background&quot;:&quot;classic&quot;}\">\n\t\t\t\t\t\t<div class=\"elementor-container elementor-column-gap-default\">\n\t\t\t\t\t<div class=\"elementor-column elementor-col-100 elementor-top-column elementor-element elementor-element-546daaae coming-soon-tem-cont\" data-id=\"546daaae\" data-element_type=\"column\">\n\t\t\t<div class=\"elementor-widget-wrap elementor-element-populated\">\n\t\t\t\t\t\t<section class=\"elementor-section elementor-inner-section elementor-element elementor-element-5c9f330f elementor-section-height-min-height elementor-section-boxed elementor-section-height-default\" data-id=\"5c9f330f\" data-element_type=\"section\">\n\t\t\t\t\t\t<div class=\"elementor-container elementor-column-gap-default\">\n\t\t\t\t\t<div class=\"elementor-column elementor-col-50 elementor-inner-column elementor-element elementor-element-4c9635c5\" data-id=\"4c9635c5\" data-element_type=\"column\">\n\t\t\t<div class=\"elementor-widget-wrap elementor-element-populated\">\n\t\t\t\t\t\t<div class=\"elementor-element elementor-element-686ba671 elementor-widget elementor-widget-heading\" data-id=\"686ba671\" data-element_type=\"widget\" data-widget_type=\"heading.default\">\n\t\t\t\t\t<h2 class=\"elementor-heading-title elementor-size-default\">Site en cours de cr\u00e9ation...<\/h2>\t\t\t\t<\/div>\n\t\t\t\t<div class=\"elementor-element elementor-element-4f96ac58 coming-soon-tem8-notify-msg elementor-widget elementor-widget-text-editor\" data-id=\"4f96ac58\" data-element_type=\"widget\" data-widget_type=\"text-editor.default\">\n\t\t\t\t\t\t\t\t\t<p>En attendant, prenez rendez-vous sur les d\u00e9partements Dr\u00f4me, Is\u00e8re et Ard\u00e8che, au <b>06 13 87 84 57<\/b><\/p>\t\t\t\t\t\t\t\t<\/div>\n\t\t\t\t\t<\/div>\n\t\t<\/div>\n\t\t\t\t<div class=\"elementor-column elementor-col-50 elementor-inner-column elementor-element elementor-element-b63137a\" data-id=\"b63137a\" data-element_type=\"column\">\n\t\t\t<div class=\"elementor-widget-wrap\">\n\t\t\t\t\t\t\t<\/div>\n\t\t<\/div>\n\t\t\t\t\t<\/div>\n\t\t<\/section>\n\t\t\t\t\t<\/div>\n\t\t<\/div>\n\t\t\t\t\t<\/div>\n\t\t<\/section>\n\t\t\t\t<\/div>\n\t\t","protected":false},"excerpt":{"rendered":"<p>Site en cours de cr\u00e9ation&#8230; En attendant, prenez rendez-vous sur les d\u00e9partements Dr\u00f4me, Is\u00e8re et Ard\u00e8che, au 06 13 87 84 57<\/p>\n","protected":false},"author":1,"featured_media":0,"parent":0,"menu_order":0,"comment_status":"closed","ping_status":"closed","template":"templates\/builder-fullwidth-std.php","meta":{"footnotes":""},"class_list":["post-71","page","type-page","status-publish","hentry"],"_links":{"self":[{"href":"https:\/\/neuropsy26.fr\/index.php?rest_route=\/wp\/v2\/pages\/71","targetHints":{"allow":["GET"]}}],"collection":[{"href":"https:\/\/neuropsy26.fr\/index.php?rest_route=\/wp\/v2\/pages"}],"about":[{"href":"https:\/\/neuropsy26.fr\/index.php?rest_route=\/wp\/v2\/types\/page"}],"author":[{"embeddable":true,"href":"https:\/\/neuropsy26.fr\/index.php?rest_route=\/wp\/v2\/users\/1"}],"replies":[{"embeddable":true,"href":"https:\/\/neuropsy26.fr\/index.php?rest_route=%2Fwp%2Fv2%2Fcomments&post=71"}],"version-history":[{"count":24,"href":"https:\/\/neuropsy26.fr\/index.php?rest_route=\/wp\/v2\/pages\/71\/revisions"}],"predecessor-version":[{"id":100,"href":"https:\/\/neuropsy26.fr\/index.php?rest_route=\/wp\/v2\/pages\/71\/revisions\/100"}],"wp:attachment":[{"href":"https:\/\/neuropsy26.fr\/index.php?rest_route=%2Fwp%2Fv2%2Fmedia&parent=71"}],"curies":[{"name":"wp","href":"https:\/\/api.w.org\/{rel}","templated":true}]}}